{"id":3733,"date":"2020-05-17T20:12:26","date_gmt":"2020-05-17T23:12:26","guid":{"rendered":"https:\/\/opyhealth.com.br\/equipe\/"},"modified":"2025-01-21T11:13:18","modified_gmt":"2025-01-21T14:13:18","slug":"management","status":"publish","type":"page","link":"https:\/\/opyhealth.com.br\/en\/opy-health\/management\/","title":{"rendered":"Management"},"content":{"rendered":"<div id=\"cs-content\" class=\"cs-content\"><div class=\"x-section e3733-e1 m2vp-0 m2vp-1 m2vp-2\"><div class=\"x-row e3733-e2 m2vp-6 m2vp-7 m2vp-8 m2vp-b\"><div class=\"x-row-inner\"><div class=\"x-col e3733-e3 m2vp-e\"><hr class=\"x-line e3733-e4 m2vp-g m2vp-h\"\/><\/div><\/div><\/div><\/div><div class=\"x-section e3733-e5 m2vp-1 m2vp-2 m2vp-3\"><div class=\"x-row e3733-e6 m2vp-6 m2vp-9 m2vp-c\"><div class=\"x-row-inner\"><div class=\"x-col e3733-e7 m2vp-e m2vp-f\"><div class=\"x-div e3733-e8 m2vp-j m2vp-k\"><div class=\"x-bg\" aria-hidden=\"true\"><div class=\"x-bg-layer-lower-image\"><\/div><div class=\"x-bg-layer-upper-color\"><\/div><\/div><div class=\"x-div e3733-e9 m2vp-j m2vp-l m2vp-5\"><div class=\"x-bg\" aria-hidden=\"true\"><div class=\"x-bg-layer-lower-image\"><\/div><div class=\"x-bg-layer-upper-color\"><\/div><\/div><div class=\"x-text x-text-headline e3733-e10 m2vp-m m2vp-n\"><div class=\"x-text-content\"><div class=\"x-text-content-text\"><h3 class=\"x-text-content-text-primary\">Opy Health C-level executives and Board of Directors have valuable experience in providing public services under a concession contract, in addition to corporate structuring and restructuring, corporate strategy, and regulatory management.<\/h3>\n<\/div><\/div><\/div><div class=\"x-text x-text-headline e3733-e11 m2vp-n m2vp-o\"><div class=\"x-text-content\"><div class=\"x-text-content-text\"><h3 class=\"x-text-content-text-primary\">We have a highly-qualified team working in different business segments, with proven experience in generating value and offering operational efficiency.<\/h3>\n<\/div><\/div><\/div><\/div><\/div><\/div><\/div><\/div><\/div><div class=\"x-section e3733-e12 m2vp-0 m2vp-1 m2vp-4\"><div class=\"x-row x-container max width e3733-e13 m2vp-6 m2vp-7 m2vp-a m2vp-d\"><div class=\"x-row-inner\"><div class=\"x-col e3733-e14 m2vp-e\"><div class=\"x-acc e3733-e15 m2vp-p m2vp-q\" id=\"x-acc-e3733-e15\"><div class=\"e3733-e16 x-acc-item\"><button id=\"tab-e3733-e16\" class=\"x-acc-header\" role=\"button\" type=\"button\" aria-expanded=\"false\" aria-controls=\"panel-e3733-e16\" data-x-toggle=\"collapse\" data-x-toggleable=\"e3733-e16\"><span class=\"x-acc-header-content\"><span class=\"x-acc-header-indicator\">&#x25b8;<\/span><span class=\"x-acc-header-text\">Mateus Renault &nbsp; &nbsp;|&nbsp; &nbsp;CEO<\/span><\/span><\/button><div id=\"panel-e3733-e16\" role=\"region\" aria-hidden=\"true\" aria-labelledby=\"tab-e3733-e16\" data-x-toggleable=\"e3733-e16\" data-x-toggle-collapse=\"1\" class=\"x-collapsed\"><div class=\"x-acc-content\"><div>\n<p><span style=\"color: var(--c-base);\">Mateus Renault is CEO at Opy Health. Prior to joining IG4, Mateus was a Summer Associate at Somos Educa\u00e7\u00e3o, a Tarpon Investimentos portfolio company (2017). Prior to that, Mateus worked as a Turnaround Specialist at Banco Votorantim (2014-2016), as an Investment Banking Analyst at Goldman Sachs (2013-2014) and as an Equity Research Analyst at Espirito Santo Investment Bank (2011-2013). Mateus holds an MBA from the Yale School of Management and a Bachelor\u2019s degree in Economics from the University of Brasilia (UnB).<\/span><\/p>\n\n<\/div>\n<div><\/div>\n<p>Contact information: <a href=\"mailto:mateus.renault@opyhealth.com.br\"><span data-olk-copy-source=\"MessageBody\">mateus.renault@opyhealth.com.br<\/span><\/a><\/p>\n<p><a href=\"https:\/\/www.linkedin.com\/in\/mateus-renault-1b49538a\/\" target=\"_blank\" rel=\"noopener\"><i  class=\"x-icon custom-icon x-icon-linkedin-square\" data-x-icon-b=\"&#xf08c;\" aria-hidden=\"true\"><\/i><\/a><\/p><\/div><\/div><\/div><div class=\"e3733-e17 x-acc-item\"><button id=\"tab-e3733-e17\" class=\"x-acc-header\" role=\"button\" type=\"button\" aria-expanded=\"false\" aria-controls=\"panel-e3733-e17\" data-x-toggle=\"collapse\" data-x-toggleable=\"e3733-e17\"><span class=\"x-acc-header-content\"><span class=\"x-acc-header-indicator\">&#x25b8;<\/span><span class=\"x-acc-header-text\">Rog\u00e9rio Bolzani Caldas\u00a0 \u00a0|\u00a0 VP of Finance and Strategy<\/span><\/span><\/button><div id=\"panel-e3733-e17\" role=\"region\" aria-hidden=\"true\" aria-labelledby=\"tab-e3733-e17\" data-x-toggleable=\"e3733-e17\" data-x-toggle-collapse=\"1\" class=\"x-collapsed\"><div class=\"x-acc-content\"><p class=\"p1\">Rog\u00e9rio Bolzani Caldas is the VP of Finance and Strategy of Opy Health and an Executive at IG4 Operations Company. He was the founder and CFO of Opy since 2019 to 2024. Throughout his career, Caldas has filled leadership positions in Finance, Strategy, and Business Development in publicly-traded and privately-held multinational and family-owned companies, in the retail, media, and telecommunications sectors.<\/p>\n<p>He served as the CFO of Shoulder, a fashion retail company, and as a Controller, Strategy Manager, and Board Advisor at Casas Pernambucanas. He was the Senior Manager of Strategic Planning at Grupo Abril and Telef\u00f4nica | VIVO.<\/p>\n<p>Caldas holds a bachelor\u2019s degree in Electrical Engineering from the Polytechnic School of the University of S\u00e3o Paulo (USP), and a postgraduate degree in Business Administration from FGV.<\/p>\n<p>Contact information:\u00a0<a href=\"mailto:rogerio.caldas@opyhealth.com.br\">rogerio.caldas@opyhealth.com.br<\/a><\/p>\n<p><a href=\"https:\/\/www.linkedin.com\/in\/rogerio-bolzani-caldas-63222274\/\" target=\"_blank\" rel=\"noopener\"><i  class=\"x-icon custom-icon x-icon-linkedin-square\" data-x-icon-b=\"&#xf08c;\" aria-hidden=\"true\"><\/i><\/a><\/p><\/div><\/div><\/div><div class=\"e3733-e18 x-acc-item\"><button id=\"tab-e3733-e18\" class=\"x-acc-header\" role=\"button\" type=\"button\" aria-expanded=\"false\" aria-controls=\"panel-e3733-e18\" data-x-toggle=\"collapse\" data-x-toggleable=\"e3733-e18\"><span class=\"x-acc-header-content\"><span class=\"x-acc-header-indicator\">&#x25b8;<\/span><span class=\"x-acc-header-text\">Thiago Nery Python \u00a0 \u00a0| VP of\u00a0Operations<\/span><\/span><\/button><div id=\"panel-e3733-e18\" role=\"region\" aria-hidden=\"true\" aria-labelledby=\"tab-e3733-e18\" data-x-toggleable=\"e3733-e18\" data-x-toggle-collapse=\"1\" class=\"x-collapsed\"><div class=\"x-acc-content\"><p>Thiago Nery Python is an Executive with over 16 years of experience in Management and Engineering, Python was S&atilde;o Paulo Regional Director at Igu&aacute; Saneamento, having led teams working with concession contracts and PPPs in different cities of the state of S&atilde;o Paulo.<\/p>\n<p>He worked as an Investment Manager at Dreen Brasil and a General Construction Manager at Construtora OAS LTDA, where he took part in undertakings such as Ponte Estaiada Roberto Marinho, TRT-SP, TST-DF, and REVAP and RENEST refineries.<\/p>\n<p>Python holds an Executive MBA degree in Finance from Insper-SP, a postgraduate degree in Project Management (PMI) from FIA-SP, and a bachelor&rsquo;s degree in Civil Engineering from Mackenzie Presbyterian University.<\/p>\n<p>Contact information: <a href=\"thiago.python@opyhealth.com.br\">thiago.python@opyhealth.com.br<\/a><\/p>\n<p><a href=\"https:\/\/www.linkedin.com\/in\/thiago-python-59a0a45\/\" target=\"_blank\" rel=\"noopener\"><i  class=\"x-icon custom-icon x-icon-linkedin-square\" data-x-icon-b=\"&#xf08c;\" aria-hidden=\"true\"><\/i><\/a><\/p><\/div><\/div><\/div><\/div><\/div><div class=\"x-col e3733-e19 m2vp-e\"><div class=\"x-acc e3733-e20 m2vp-p m2vp-r\" id=\"x-acc-e3733-e20\"><div class=\"e3733-e21 x-acc-item\"><button id=\"tab-e3733-e21\" class=\"x-acc-header\" role=\"button\" type=\"button\" aria-expanded=\"false\" aria-controls=\"panel-e3733-e21\" data-x-toggle=\"collapse\" data-x-toggleable=\"e3733-e21\"><span class=\"x-acc-header-content\"><span class=\"x-acc-header-indicator\">&#x25b8;<\/span><span class=\"x-acc-header-text\">Gustavo Buffara\u00a0 \u00a0|\u00a0 Chairman of the Board of Directors<\/span><\/span><\/button><div id=\"panel-e3733-e21\" role=\"region\" aria-hidden=\"true\" aria-labelledby=\"tab-e3733-e21\" data-x-toggleable=\"e3733-e21\" data-x-toggle-collapse=\"1\" class=\"x-collapsed\"><div class=\"x-acc-content\"><p class=\"p1\">Gustavo Buffara is IG4 Capital Managing Director and CFO. He is also a member of the Board of Directors of Igu&aacute; Saneamento and a member of the company&rsquo;s Sustainability CommittBeforeudit Committee. Prior to IG4, Buffara was a Senior Director and Managing Director at RK Partners, an advisory firm specializing in debt restructuring and operational turnaround.<\/p>\n<p>Gustavo was Deputy Director at GP Investments, being responsible for investments in the Brazilian infrastructure and telecommunications sectors. During this period, he was also part of GP Investments' first team to work at BR Towers, being responsible for structuring the company and designing a 100-day plan along with the company&rsquo;s C-Level executives.<\/p>\n<p>Previously, Gustavo served as a Senior Consultant at Bain &amp; Co. and was the head of Planning, M&amp;A, and Regulatory Strategy at Telef&ocirc;nica group.<\/p>\n<p>Graduated in Public Administration from EAESP-FGV (Get&uacute;lio Vargas Foundation), hand e holds a master&rsquo;s degree in Business Administration from IMD in Switzerland.<\/p>\n<p>Contact information:&nbsp;<a href=\"mailto:gustavo.buffara@ig4capital.com\">gustavo.buffara@ig4capital.com<\/a><\/p>\n<p><a href=\"https:\/\/www.linkedin.com\/in\/gustavo-buffara-6ab0083\/\" target=\"_blank\" rel=\"noopener\"><i  class=\"x-icon custom-icon x-icon-linkedin-square\" data-x-icon-b=\"&#xf08c;\" aria-hidden=\"true\"><\/i><\/a><\/p><\/div><\/div><\/div><div class=\"e3733-e22 x-acc-item\"><button id=\"tab-e3733-e22\" class=\"x-acc-header\" role=\"button\" type=\"button\" aria-expanded=\"false\" aria-controls=\"panel-e3733-e22\" data-x-toggle=\"collapse\" data-x-toggleable=\"e3733-e22\"><span class=\"x-acc-header-content\"><span class=\"x-acc-header-indicator\">&#x25b8;<\/span><span class=\"x-acc-header-text\">Helcio Tokeshi\u00a0 \u00a0|\u00a0 \u00a0Board Member<\/span><\/span><\/button><div id=\"panel-e3733-e22\" role=\"region\" aria-hidden=\"true\" aria-labelledby=\"tab-e3733-e22\" data-x-toggleable=\"e3733-e22\" data-x-toggle-collapse=\"1\" class=\"x-collapsed\"><div class=\"x-acc-content\"><p class=\"p1\">Helcio Tokeshi is a Managing Director and Chief Economist at IG4 Capital, and a member of IG4 Capital Private Equity Fund II Investment Committee. Before joining IG4, he served as a Secretary at the Treasury Division of the State of S&atilde;o Paulo (2016-2018). Before that, he was a Partner at GP Investments, where he worked with infrastructure investments, and a Managing Director at EBP (Estrutura Brasileira de Projetos), a company dedicated to infrastructure undertakings in partnership with BNDES and the Brazilian federal government. Before EBP, Helcio worked at McKinsey from 1999-2004 and 2006-2008. He also worked as Secretary of Economic Monitoring for the Ministry of Finance and worked as an Economist at the World Bank in Washington, D.C.<\/p>\n<p>He holds a bachelor&rsquo;s degree in Economics from the University of S&atilde;o Paulo, a master&rsquo;s degree in Economics from the University of Campinas (Unicamp), and has completed his Ph.D. at the University of California, Berkeley.<\/p>\n<p>Contact information:&nbsp;<a href=\"mailto:helcio.tokeshi@ig4capital.com\">helcio.tokeshi@ig4capital.com<\/a><\/p>\n<p><a href=\"https:\/\/www.linkedin.com\/in\/helcio-tokeshi-289170\/\" target=\"_blank\" rel=\"noopener\"><i  class=\"x-icon custom-icon x-icon-linkedin-square\" data-x-icon-b=\"&#xf08c;\" aria-hidden=\"true\"><\/i><\/a><\/p><\/div><\/div><\/div><div class=\"e3733-e23 x-acc-item\"><button id=\"tab-e3733-e23\" class=\"x-acc-header\" role=\"button\" type=\"button\" aria-expanded=\"false\" aria-controls=\"panel-e3733-e23\" data-x-toggle=\"collapse\" data-x-toggleable=\"e3733-e23\"><span class=\"x-acc-header-content\"><span class=\"x-acc-header-indicator\">&#x25b8;<\/span><span class=\"x-acc-header-text\">Ot\u00e1vio Silveira\u00a0 \u00a0|\u00a0 \u00a0Board Member<\/span><\/span><\/button><div id=\"panel-e3733-e23\" role=\"region\" aria-hidden=\"true\" aria-labelledby=\"tab-e3733-e23\" data-x-toggleable=\"e3733-e23\" data-x-toggle-collapse=\"1\" class=\"x-collapsed\"><div class=\"x-acc-content\"><p class=\"p1\">Ot\u00e1vio Silveira is the former CEO of Opy Health and a Managing Director at IG4 Operations Company. As the former CEO of Igu\u00e1 Saneamento (2014-2017) and Dreen Brasil Investimentos (2008-2014), a renewable energy business he was involved with since its foundation. Besides working in the healthcare, sanitation, and energy industries, Silveira also worked at Intervias, a highway operation company, from 2000 to 2004. He is also a member of the Environmental Analysis, Risk, and Planning Committee at Igu\u00e1 Saneamento. Silveira holds an MBA degree from Get\u00falio Vargas Foundation (FGV), an MBA degree in Economic Engineering from Funda\u00e7\u00e3o Dom Cabral, and a bachelor\u2019s degree in Civil Engineering from the Federal University of Minas Gerais.<\/p>\n<p>Contact information: <a href=\"mailto:otavio.silveira@opyhealth.com.br\">otavio.silveira@opyhealth.com.br<\/a><\/p>\n<p><a href=\"https:\/\/www.linkedin.com\/in\/ot%C3%A1vio-silveira-23088325\/\" target=\"_blank\" rel=\"noopener\"><i  class=\"x-icon custom-icon x-icon-linkedin-square\" data-x-icon-b=\"&#xf08c;\" aria-hidden=\"true\"><\/i><\/a><\/p><\/div><\/div><\/div><div class=\"e3733-e24 x-acc-item\"><button id=\"tab-e3733-e24\" class=\"x-acc-header\" role=\"button\" type=\"button\" aria-expanded=\"false\" aria-controls=\"panel-e3733-e24\" data-x-toggle=\"collapse\" data-x-toggleable=\"e3733-e24\"><span class=\"x-acc-header-content\"><span class=\"x-acc-header-indicator\">&#x25b8;<\/span><span class=\"x-acc-header-text\">Paulo Mattos&nbsp; &nbsp;|&nbsp; &nbsp;Board Member<\/span><\/span><\/button><div id=\"panel-e3733-e24\" role=\"region\" aria-hidden=\"true\" aria-labelledby=\"tab-e3733-e24\" data-x-toggleable=\"e3733-e24\" data-x-toggle-collapse=\"1\" class=\"x-collapsed\"><div class=\"x-acc-content\"><p class=\"p1\">Paulo Mattos is the co-founder, Managing Partner, and CEO of IG4 Capital. Before starting IG4 Capital, Mattos was a partner at RK Partners, a consulting firm specializing in debt restructuring and operational turnarounds, and the Managing Director of GP Investments, a Latin American leading alternative investment firm.<\/p>\n<p>Mattos was the Head of Infrastructure and Telecommunication Investments at GP Investments and a member of the Investment Committee (2012-2016). He was the founder of BR Towers S.A., Brazil&rsquo;s first large independent cell phone tower company, in which he served as Chairman of the Board of Directors (2012 to 2014). BR Towers S.A. was later sold to American Tower Corporation.<\/p>\n<p>Before joining GP Investments, Mattos was the Executive Vice President of Business Strategy, Wholesale, and Regulatory Affairs at Oi S.A (2009-2012), the largest telecommunications company in Brazil at the time. At Oi, he served on the Executive Committee, the Financial Risks Committee, and the Operations Committee. Mattos also worked at the Brazilian Development Bank (BNDES) as a Managing Director, was a member of the Credit and Investment Committee, and was Head of the Management Committee (2007-2009).<\/p>\n<p>Currently, Mattos is Chairman of the Board of Directors of Igu&aacute; Saneamento SA (2017-), one of the main private water and sanitation companies in Brazil, and Member of the Board of Directors of OPY Health SA (2019-), a healthcare company that provides infrastructure and logistics services to hospitals and medical service operators, of which IG4 Capital is the controlling shareholder.<\/p>\n<p>Mattos is a venture capitalist and the co-founder of Capital Lab Ventures, a platform started with proprietary capital gathering venture capital investments focused on Telecommunications, Media, and Technology &ndash; TMT.<\/p>\n<p>Additionally, he is the co-founder and member of the Board of Directors of Instituto Igu&aacute;, a nonprofit organization focused on promoting new technologies and education for sustainable access to water and sanitation. He is also a member of the Fiscal Council of Associa&ccedil;&atilde;o Universit&aacute;ria Interamericana &ndash; AUI, a nonprofit educational group that operates schools in Brazil.<\/p>\n<p>Mattos holds a J.D. and Ph.D. degree in Law from the University of S&atilde;o Paulo (USP), was a Fullbright Visiting Scholar at Yale University and is a visiting fellow at King&rsquo;s College London. He is a permanent member of the Board of Directors of Centro Brasileiro de An&aacute;lise e Planejamento &ndash; CEBRAP and a former associate professor at Getulio Vargas Foundation &ndash; FGV, a leading think tank in public policy and business administration.<\/p>\n<p><a href=\"https:\/\/www.linkedin.com\/in\/paulo-todescan-l-mattos-73435b51\/\" target=\"_blank\" rel=\"noopener\"><i  class=\"x-icon custom-icon x-icon-linkedin-square\" data-x-icon-b=\"&#xf08c;\" aria-hidden=\"true\"><\/i><\/a><\/p><\/div><\/div><\/div><div class=\"e3733-e25 x-acc-item\"><button id=\"tab-e3733-e25\" class=\"x-acc-header\" role=\"button\" type=\"button\" aria-expanded=\"false\" aria-controls=\"panel-e3733-e25\" data-x-toggle=\"collapse\" data-x-toggleable=\"e3733-e25\"><span class=\"x-acc-header-content\"><span class=\"x-acc-header-indicator\">&#x25b8;<\/span><span class=\"x-acc-header-text\">Rog\u00e9rio Melzi\u00a0 \u00a0|\u00a0 \u00a0Board Member<\/span><\/span><\/button><div id=\"panel-e3733-e25\" role=\"region\" aria-hidden=\"true\" aria-labelledby=\"tab-e3733-e25\" data-x-toggleable=\"e3733-e25\" data-x-toggle-collapse=\"1\" class=\"x-collapsed\"><div class=\"x-acc-content\"><p class=\"p1\"><span>Rog\u00e9rio Melzi holds a degree in Mechanical Engineering from Mackenzie University, a postgraduate degree in Business Administration from the Get\u00falio Vargas Foundation, and an MBA (Master in Business Administration) from Stanford University.<\/span><span class=\"white-space-pre\"> <\/span><br \/>\n<span>Throughout his career, he has worked for major companies such as Bardella, Booz-Allen &amp; Hamilton, AmBev (now AB-Inbev), Suzano Holding and Est\u00e1cio Participa\u00e7\u00f5es, where he served as CEO. <\/span><span>Melzi is currently co-chairman of the Board of Directors of Cyrela, one of the largest real estate developers in Brazil, and, in august 2022 has been part of the Administrative Council of Hospital Care, a health services network. Five years ago was one of the founder of the company and had served as CEO in the same period.\u00a0<\/span><\/p>\n<p>Contact information: <span style=\"color: #808080;\"><a href=\"mailto:rogerio.melzi@opyhealth.com.br\" target=\"_blank\" rel=\"noopener\"><span class=\"s1\">rogerio.melzi<\/span>@opyhealth.com.br<\/a><\/span><\/p>\n<p><a href=\"https:\/\/www.linkedin.com\/in\/rogerio-melzi\/?originalSubdomain=br\" target=\"_blank\" rel=\"noopener\"><i  class=\"x-icon custom-icon x-icon-linkedin-square\" data-x-icon-b=\"&#xf08c;\" aria-hidden=\"true\"><\/i><\/a><\/p><\/div><\/div><\/div><\/div><hr class=\"x-line e3733-e26 m2vp-h m2vp-i\"\/><div class=\"x-text x-content e3733-e27 m2vp-s\"><p>For new business proposals please reach out:<\/p>\n<p><strong>Henrique Muniz&nbsp;&nbsp;<\/strong><br \/><a href=\"mailto:novosnegocios@opyhealth.com.br\">novosnegocios@opyhealth.com.br<\/a><\/p><\/div><\/div><\/div><\/div><\/div><\/div>\n","protected":false},"excerpt":{"rendered":"<p>Opy Health C-level executives and Board of Directors have valuable experience in providing public services under a concession contract, in addition to corporate structuring and restructuring, corporate strategy, and regulatory management. We have a highly-qualified team working in different business segments, with proven experience in generating value and offering operational efficiency. &#x25b8;Mateus Renault &nbsp; &nbsp;|&nbsp; &nbsp;CEO Mateus Renault is CEO &#8230; <a href=\"https:\/\/opyhealth.com.br\/en\/opy-health\/management\/\" class=\"more-link\">Read More<\/a><\/p>\n","protected":false},"author":1,"featured_media":0,"parent":893,"menu_order":0,"comment_status":"closed","ping_status":"closed","template":"template-blank-4.php","meta":{"_seopress_robots_primary_cat":"","_seopress_titles_title":"","_seopress_titles_desc":"","_seopress_robots_index":"","footnotes":""},"class_list":["post-3733","page","type-page","status-publish","hentry","no-post-thumbnail"],"_links":{"self":[{"href":"https:\/\/opyhealth.com.br\/en\/wp-json\/wp\/v2\/pages\/3733","targetHints":{"allow":["GET"]}}],"collection":[{"href":"https:\/\/opyhealth.com.br\/en\/wp-json\/wp\/v2\/pages"}],"about":[{"href":"https:\/\/opyhealth.com.br\/en\/wp-json\/wp\/v2\/types\/page"}],"author":[{"embeddable":true,"href":"https:\/\/opyhealth.com.br\/en\/wp-json\/wp\/v2\/users\/1"}],"replies":[{"embeddable":true,"href":"https:\/\/opyhealth.com.br\/en\/wp-json\/wp\/v2\/comments?post=3733"}],"version-history":[{"count":105,"href":"https:\/\/opyhealth.com.br\/en\/wp-json\/wp\/v2\/pages\/3733\/revisions"}],"predecessor-version":[{"id":5484,"href":"https:\/\/opyhealth.com.br\/en\/wp-json\/wp\/v2\/pages\/3733\/revisions\/5484"}],"up":[{"embeddable":true,"href":"https:\/\/opyhealth.com.br\/en\/wp-json\/wp\/v2\/pages\/893"}],"wp:attachment":[{"href":"https:\/\/opyhealth.com.br\/en\/wp-json\/wp\/v2\/media?parent=3733"}],"curies":[{"name":"wp","href":"https:\/\/api.w.org\/{rel}","templated":true}]}}